{"id":23,"date":"2025-07-29T05:48:09","date_gmt":"2025-07-29T03:48:09","guid":{"rendered":"https:\/\/expoinnovatech.com\/index.php\/products\/"},"modified":"2025-09-02T19:27:35","modified_gmt":"2025-09-03T00:27:35","slug":"expositores","status":"publish","type":"page","link":"https:\/\/expoinnovatech.com\/en\/expositores\/","title":{"rendered":"Expositores"},"content":{"rendered":"<section class=\"wp-block-uagb-container uagb-block-fcf37b96 alignfull uagb-is-root-container\"><div class=\"uagb-container__video-wrap\"><video autoplay loop muted playsinline><source src=\"https:\/\/expoinnovatech.com\/wp-content\/uploads\/2025\/07\/Expo-Innova-Tech-2026-Hero-video.mp4\" type=\"video\/mp4\"\/><\/video><\/div>\n<div class=\"wp-block-uagb-container uagb-block-7dfba460\">\n<div class=\"wp-block-uagb-container uagb-block-374db93a\">\n<div class=\"wp-block-uagb-advanced-heading uagb-block-e4ecf91f\"><h1 class=\"uagb-heading-text\">Expositores<\/h1><\/div>\n<\/div>\n\n\n\n<div class=\"wp-block-uagb-container uagb-block-99e6c1a4\">      \n\t\t\t<div data-aos= \"zoom-out-down\" data-aos-duration=\"400\" data-aos-delay=\"0\" data-aos-easing=\"ease\" data-aos-once=\"true\" class=\"uagb-icon-wrapper uagb-block-472bfbbc\"\n\t\t\tstyle=\"\" >\n\t\t\t\t\t\t\t\t\t<span class=\"uagb-svg-wrapper\" \n\t\t\t\t\t aria-label=\"Conocer sobre los expositores\"\t\t\t\t\ttabindex=\"0\">\t\t\n\t\t\t\t\t\t\t\t\t\t<a rel=\"noopener noreferrer\" href=\"https:\/\/expoinnovatech.com\/en\/expositores\/#expo-expositores\" target=\"_self\"><svg xmlns=\"https:\/\/www.w3.org\/2000\/svg\" viewbox= \"0 0 384 512\" role=\"graphics-symbol\" aria-hidden=\"false\" aria-label=\"Conocer sobre los expositores\"><path d=\"M169.4 278.6C175.6 284.9 183.8 288 192 288s16.38-3.125 22.62-9.375l160-160c12.5-12.5 12.5-32.75 0-45.25s-32.75-12.5-45.25 0L192 210.8L54.63 73.38c-12.5-12.5-32.75-12.5-45.25 0s-12.5 32.75 0 45.25L169.4 278.6zM329.4 265.4L192 402.8L54.63 265.4c-12.5-12.5-32.75-12.5-45.25 0s-12.5 32.75 0 45.25l160 160C175.6 476.9 183.8 480 192 480s16.38-3.125 22.62-9.375l160-160c12.5-12.5 12.5-32.75 0-45.25S341.9 252.9 329.4 265.4z\"><\/path><\/svg><\/a>\n\t\t\t\t\t\t\t\t\t<\/span>\n\t\t\t\t\t\t\t<\/div>\n\t\t\t<\/div>\n<\/div>\n<\/section>\n\n\n\n<section id=\"expo-expositores\" class=\"wp-block-uagb-container uagb-block-d98f5e1a alignfull uagb-is-root-container\">\n<div class=\"wp-block-uagb-container uagb-block-218b0bf9\">\n<div class=\"wp-block-uagb-advanced-heading uagb-block-33559b29\"><h2 class=\"uagb-heading-text\">Tabla de Precios<\/h2><\/div>\n\n\n\n<div class=\"wp-block-uagb-info-box uagb-block-a2dd623b uagb-infobox__content-wrap  uagb-infobox-icon-above-title uagb-infobox-image-valign-top\"><div class=\"uagb-ifb-content\"><div class=\"uagb-ifb-title-wrap\"><\/div><p class=\"uagb-ifb-desc\">*IGV del 10% no incluido<\/p><\/div><\/div>\n\n\n\n<div class=\"wp-block-uagb-restaurant-menu uagb-block-46c34ed1 uagb-rm__desk-column-3 uagb-rm__tablet-column-2 uagb-rm__mobile-column-1\">\n<div data-aos= \"fade-right\" data-aos-duration=\"400\" data-aos-delay=\"0\" data-aos-easing=\"ease\" data-aos-once=\"true\" class=\"wp-block-uagb-restaurant-menu-child uagb-rest_menu__wrap\"><img decoding=\"async\" class=\"\" src=\"https:\/\/expoinnovatech.com\/wp-content\/uploads\/2025\/08\/EXPO-expositores-stands-1.png\" alt=\"\" width=\"100\" height=\"100\" loading=\"lazy\"\/><div class=\"uagb-rm__content\"><div class=\"uagb-rm-details\"><h3 class=\"uagb-rm__title\">Impulse<\/h3><div class=\"uagb-rm__desc\">Espacio de 6m\u00b2 (3&#215;2)<\/div><span class=\"uagb-rm__price\">$1500<\/span><\/div><\/div><div class=\"uagb-rm__separator\"><\/div><\/div>\n\n\n\n<div data-aos= \"fade-up\" data-aos-duration=\"400\" data-aos-delay=\"0\" data-aos-easing=\"ease\" data-aos-once=\"true\" class=\"wp-block-uagb-restaurant-menu-child uagb-rest_menu__wrap\"><img decoding=\"async\" class=\"\" src=\"https:\/\/expoinnovatech.com\/wp-content\/uploads\/2025\/08\/EXPO-expositores-stands-2.png\" alt=\"\" width=\"100\" height=\"100\" loading=\"lazy\"\/><div class=\"uagb-rm__content\"><div class=\"uagb-rm-details\"><h3 class=\"uagb-rm__title\">Core<\/h3><div class=\"uagb-rm__desc\">Espacio de 12m\u00b2 (3&#215;4)<\/div><span class=\"uagb-rm__price\">$3000<\/span><\/div><\/div><div class=\"uagb-rm__separator\"><\/div><\/div>\n\n\n\n<div data-aos= \"fade-left\" data-aos-duration=\"400\" data-aos-delay=\"0\" data-aos-easing=\"ease\" data-aos-once=\"true\" class=\"wp-block-uagb-restaurant-menu-child uagb-rest_menu__wrap\"><img decoding=\"async\" class=\"\" src=\"https:\/\/expoinnovatech.com\/wp-content\/uploads\/2025\/08\/EXPO-expositores-stands-3.png\" alt=\"\" width=\"100\" height=\"100\" loading=\"lazy\"\/><div class=\"uagb-rm__content\"><div class=\"uagb-rm-details\"><h3 class=\"uagb-rm__title\">Advance<\/h3><div class=\"uagb-rm__desc\">Espacio de 12m\u00b2(6&#215;2)<\/div><span class=\"uagb-rm__price\">$3000<\/span><\/div><\/div><div class=\"uagb-rm__separator\"><\/div><\/div>\n\n\n\n<div data-aos= \"fade-right\" data-aos-duration=\"400\" data-aos-delay=\"0\" data-aos-easing=\"ease\" data-aos-once=\"true\" class=\"wp-block-uagb-restaurant-menu-child uagb-rest_menu__wrap\"><img decoding=\"async\" class=\"\" src=\"https:\/\/expoinnovatech.com\/wp-content\/uploads\/2025\/08\/EXPO-expositores-stands-4.png\" alt=\"\" width=\"100\" height=\"100\" loading=\"lazy\"\/><div class=\"uagb-rm__content\"><div class=\"uagb-rm-details\"><h3 class=\"uagb-rm__title\">Prime<\/h3><div class=\"uagb-rm__desc\">Espacio de 20m\u00b2 (5&#215;4)<\/div><span class=\"uagb-rm__price\">$5000<\/span><\/div><\/div><div class=\"uagb-rm__separator\"><\/div><\/div>\n\n\n\n<div data-aos= \"fade-up\" data-aos-duration=\"400\" data-aos-delay=\"0\" data-aos-easing=\"ease\" data-aos-once=\"true\" class=\"wp-block-uagb-restaurant-menu-child uagb-rest_menu__wrap\"><img decoding=\"async\" class=\"\" src=\"https:\/\/expoinnovatech.com\/wp-content\/uploads\/2025\/08\/EXPO-expositores-stands-5.png\" alt=\"\" width=\"100\" height=\"100\" loading=\"lazy\"\/><div class=\"uagb-rm__content\"><div class=\"uagb-rm-details\"><h3 class=\"uagb-rm__title\">Elite<\/h3><div class=\"uagb-rm__desc\">Espacio de 30m\u00b2 (5&#215;6)<\/div><span class=\"uagb-rm__price\">$7000<\/span><\/div><\/div><div class=\"uagb-rm__separator\"><\/div><\/div>\n\n\n\n<div data-aos= \"fade-left\" data-aos-duration=\"400\" data-aos-delay=\"0\" data-aos-easing=\"ease\" data-aos-once=\"true\" class=\"wp-block-uagb-restaurant-menu-child uagb-rest_menu__wrap\"><img decoding=\"async\" class=\"\" src=\"https:\/\/expoinnovatech.com\/wp-content\/uploads\/2025\/08\/EXPO-expositores-stands-6.png\" alt=\"\" width=\"100\" height=\"100\" loading=\"lazy\"\/><div class=\"uagb-rm__content\"><div class=\"uagb-rm-details\"><h3 class=\"uagb-rm__title\">Legend<\/h3><div class=\"uagb-rm__desc\">Espacio de 40m\u00b2 (5&#215;8)<\/div><span class=\"uagb-rm__price\">$9000<\/span><\/div><\/div><div class=\"uagb-rm__separator\"><\/div><\/div>\n<\/div>\n<\/div>\n\n\n\n<div class=\"wp-block-uagb-container uagb-block-1448be25\">\n<div class=\"wp-block-uagb-advanced-heading uagb-block-3141252d\"><h2 class=\"uagb-heading-text\">Mapa de Stands<\/h2><\/div>\n\n\n\n<div data-aos= \"fade-up\" data-aos-duration=\"400\" data-aos-delay=\"0\" data-aos-easing=\"ease\" data-aos-once=\"true\" class=\"wp-block-uagb-image uagb-block-d48fce27 wp-block-uagb-image--layout-default wp-block-uagb-image--effect-static wp-block-uagb-image--align-none\"><figure class=\"wp-block-uagb-image__figure\"><img decoding=\"async\" srcset=\"https:\/\/expoinnovatech.com\/wp-content\/uploads\/2025\/09\/PLANO_INGLES.jpg 2350w, https:\/\/expoinnovatech.com\/wp-content\/uploads\/2025\/09\/PLANO_INGLES-282x300.jpg 282w, https:\/\/expoinnovatech.com\/wp-content\/uploads\/2025\/09\/PLANO_INGLES-963x1024.jpg 963w, https:\/\/expoinnovatech.com\/wp-content\/uploads\/2025\/09\/PLANO_INGLES-768x817.jpg 768w, https:\/\/expoinnovatech.com\/wp-content\/uploads\/2025\/09\/PLANO_INGLES-1444x1536.jpg 1444w, https:\/\/expoinnovatech.com\/wp-content\/uploads\/2025\/09\/PLANO_INGLES-1925x2048.jpg 1925w, https:\/\/expoinnovatech.com\/wp-content\/uploads\/2025\/09\/PLANO_INGLES-11x12.jpg 11w\" sizes=\"auto, (max-width: 480px) 150px\" src=\"https:\/\/expoinnovatech.com\/wp-content\/uploads\/2025\/09\/PLANO_INGLES.jpg\" alt=\"\" class=\"uag-image-2444\" width=\"963\" height=\"1024\" title=\"PLANO_ACTUALIZADO\" loading=\"lazy\" role=\"img\"\/><\/figure><\/div>\n<\/div>\n\n\n\n<div class=\"wp-block-uagb-container uagb-block-3cd683c0\">\n<div class=\"wp-block-uagb-advanced-heading uagb-block-9edcf7e8\"><h2 class=\"uagb-heading-text\">Nuestros Expositores<\/h2><\/div>\n\n\n\n<div class=\"wp-block-uagb-container uagb-block-1b614bfd\">\n<div class=\"wp-block-uagb-info-box uagb-block-9611889b uagb-infobox__content-wrap  uagb-infobox-icon-above-title uagb-infobox-image-valign-top\"><div class=\"uagb-ifb-content\"><div class=\"uagb-ifb-image-content\"><img decoding=\"async\" src=\"https:\/\/expoinnovatech.com\/wp-content\/uploads\/2025\/09\/SIPS.jpg\" alt=\"Sips Prevenci\u00f3n y Seguridad\" width=\"299\" height=\"191\" loading=\"lazy\"\/><\/div><div class=\"uagb-ifb-title-wrap\"><h3 class=\"uagb-ifb-title\">SIPS<\/h3><\/div><p class=\"uagb-ifb-desc\">N\u00ba Stand: A34<br>Correo: administracion@sips.com<\/p><\/div><\/div>\n\n\n\n<div class=\"wp-block-uagb-info-box uagb-block-c951d5fc uagb-infobox__content-wrap  uagb-infobox-icon-above-title uagb-infobox-image-valign-top\"><div class=\"uagb-ifb-content\"><div class=\"uagb-ifb-image-content\"><img decoding=\"async\" src=\"https:\/\/expoinnovatech.com\/wp-content\/uploads\/2025\/09\/Observatorio-PRODUCE.jpg\" alt=\"Observatorio PRODUCEmpresarial\" width=\"299\" height=\"191\" loading=\"lazy\"\/><\/div><div class=\"uagb-ifb-title-wrap\"><h3 class=\"uagb-ifb-title\">PRODUCEmpresarial<\/h3><\/div><p class=\"uagb-ifb-desc\">N\u00ba Stand: E31<br>Web: <a href=\"https:\/\/www.producempresarial.pe\/\">PRODUCEmpresarial<\/a><\/p><\/div><\/div>\n\n\n\n<div class=\"wp-block-uagb-info-box uagb-block-8352a481 uagb-infobox__content-wrap  uagb-infobox-icon-above-title uagb-infobox-image-valign-top\"><div class=\"uagb-ifb-content\"><div class=\"uagb-ifb-image-content\"><img decoding=\"async\" src=\"https:\/\/expoinnovatech.com\/wp-content\/uploads\/2025\/09\/Ministerio-de-la-Produccion.jpg\" alt=\"Ministerios de la Producci\u00f3n\" width=\"299\" height=\"191\" loading=\"lazy\"\/><\/div><div class=\"uagb-ifb-title-wrap\"><h3 class=\"uagb-ifb-title\">Ministerios de la Producci\u00f3n<\/h3><\/div><p class=\"uagb-ifb-desc\">N\u00ba Stand: E31<br>Web: <a href=\"https:\/\/www.producempresarial.pe\/\">PRODUCEmpresarial<\/a><\/p><\/div><\/div>\n<\/div>\n\n\n\n<div class=\"wp-block-uagb-container uagb-block-de6c31d7\">\n<div class=\"wp-block-uagb-info-box uagb-block-99d9637e uagb-infobox__content-wrap  uagb-infobox-icon-above-title uagb-infobox-image-valign-top\"><div class=\"uagb-ifb-content\"><div class=\"uagb-ifb-image-content\"><img decoding=\"async\" src=\"https:\/\/expoinnovatech.com\/wp-content\/uploads\/2025\/09\/ARTE-LUZ.jpg\" alt=\"Arte y Luz E.I.R.L\" width=\"191\" height=\"191\" loading=\"lazy\"\/><\/div><div class=\"uagb-ifb-title-wrap\"><h3 class=\"uagb-ifb-title\">Arte y Luz E.I.R.L<\/h3><\/div><p class=\"uagb-ifb-desc\">N\u00ba Stand: I3<br>Correo: administracion@arteluzperu.com<\/p><\/div><\/div>\n<\/div>\n<\/div>\n<\/section>\n\n\n\n<section id=\"expo-expositor\" class=\"wp-block-uagb-container uagb-block-1b017b42 alignfull uagb-is-root-container\"><div class=\"uagb-container-inner-blocks-wrap\">\n<div class=\"wp-block-uagb-container uagb-block-13b8687e\">\n<div data-aos= \"zoom-in\" data-aos-duration=\"400\" data-aos-delay=\"0\" data-aos-easing=\"ease\" data-aos-once=\"true\" class=\"wp-block-uagb-container uagb-block-b9a7a756\">\n<div class=\"wp-block-uagb-advanced-heading uagb-block-195213aa\"><h2 class=\"uagb-heading-text\">Be an Exhibitor<\/h2><p class=\"uagb-desc-text\">Showcase your innovation to thousands of qualified visitors<\/p><\/div>\n\n\n\n<div class=\"wp-block-uagb-info-box uagb-block-e4622070 uagb-infobox__content-wrap  uagb-infobox-icon-above-title uagb-infobox-image-valign-top\"><div class=\"uagb-ifb-content\"><div class=\"uagb-ifb-title-wrap\"><\/div><p class=\"uagb-ifb-desc\">Reserve your booth and connect directly with decision-makers, directors, entrepreneurs, and investors looking to transform their businesses.<br>Launch products, build strategic alliances, and make your brand visible to media, influencers, and a specialized audience.<\/p><\/div><\/div>\n\n\n\n<div class=\"wp-block-uagb-modal uagb-block-3d0072ec uagb-modal-wrapper\" data-escpress=\"enable\" data-overlayclick=\"enable\"><div class=\"uagb-spectra-button-wrapper wp-block-button\"><a class=\"uagb-modal-button-link wp-block-button__link uagb-modal-trigger\" href=\"#\" onclick=\"return false;\" target=\"_self\" rel=\"noopener noreferrer\"><span class=\"uagb-modal-content-wrapper\"><span class=\"uagb-inline-editing\">I want to be an exhibitor<\/span><\/span><\/a><\/div><div class=\"uagb-effect-default uagb-modal-popup uagb-block-3d0072ec uagb-modal-type-undefined\"><div class=\"uagb-modal-popup-wrap\"><div class=\"uagb-modal-popup-content\">\n<div class=\"wp-block-uagb-advanced-heading uagb-block-e7c95d85\"><h2 class=\"uagb-heading-text\">Be an Exhibitor<\/h2><\/div>\n\n\n\n<div class=\"wp-block-uagb-separator uagb-block-76dfa81f\"><div class=\"uagb-separator-spacing-wrapper\"><div class=\"wp-block-uagb-separator__inner\" style=\"--my-background-image:\"><\/div><\/div><\/div>\n\n\n\n<div class=\"wp-block-contact-form-7-contact-form-selector\">\n<div class=\"wpcf7 no-js\" id=\"wpcf7-f2126-o1\" lang=\"es-ES\" dir=\"ltr\" data-wpcf7-id=\"2126\">\n<div class=\"screen-reader-response\"><p role=\"status\" aria-live=\"polite\" aria-atomic=\"true\"><\/p> <ul><\/ul><\/div>\n<form action=\"\/en\/wp-json\/wp\/v2\/pages\/23#wpcf7-f2126-o1\" method=\"post\" class=\"wpcf7-form init\" aria-label=\"Formulario de contacto\" novalidate=\"novalidate\" data-status=\"init\" data-trp-original-action=\"\/en\/wp-json\/wp\/v2\/pages\/23#wpcf7-f2126-o1\">\n<fieldset class=\"hidden-fields-container\"><input type=\"hidden\" name=\"_wpcf7\" value=\"2126\" \/><input type=\"hidden\" name=\"_wpcf7_version\" value=\"6.1.4\" \/><input type=\"hidden\" name=\"_wpcf7_locale\" value=\"es_ES\" \/><input type=\"hidden\" name=\"_wpcf7_unit_tag\" value=\"wpcf7-f2126-o1\" \/><input type=\"hidden\" name=\"_wpcf7_container_post\" value=\"0\" \/><input type=\"hidden\" name=\"_wpcf7_posted_data_hash\" value=\"\" \/>\n<\/fieldset>\n<div class=\"wpcf7-turnstile cf-turnstile\" data-sitekey=\"0x4AAAAAABm-y6uASAGwN2_Z\" data-response-field-name=\"_wpcf7_turnstile_response\"><\/div>\n\n<div class=\"expo-formulario-fila\">\n\t<div class=\"expo-formulario-columna-1-1\">\n\t\t<div class=\"expo-formulario-icono\">\n\t\t\t<p><i class=\"fa-solid fa-user\"><\/i>\n\t\t\t<\/p>\n\t\t<\/div>\n\t\t<p><span class=\"wpcf7-form-control-wrap\" data-name=\"nombre_completo\"><input size=\"40\" maxlength=\"400\" class=\"wpcf7-form-control wpcf7-text wpcf7-validates-as-required\" autocomplete=\"name\" aria-required=\"true\" aria-invalid=\"false\" placeholder=\"Nombre y apellido\" value=\"\" type=\"text\" name=\"nombre_completo\" \/><\/span>\n\t\t<\/p>\n\t<\/div>\n<\/div>\n<div class=\"expo-formulario-fila\">\n\t<div class=\"expo-formulario-columna-1-2\">\n\t\t<div class=\"expo-formulario-icono\">\n\t\t\t<p><i class=\"fa-solid fa-id-card\"><\/i>\n\t\t\t<\/p>\n\t\t<\/div>\n\t\t<p><span class=\"wpcf7-form-control-wrap\" data-name=\"dni\"><input size=\"40\" maxlength=\"400\" class=\"wpcf7-form-control wpcf7-text wpcf7-validates-as-required\" aria-required=\"true\" aria-invalid=\"false\" placeholder=\"DNI\" value=\"\" type=\"text\" name=\"dni\" \/><\/span>\n\t\t<\/p>\n\t<\/div>\n\t<div class=\"expo-formulario-columna-2-2\">\n\t\t<div class=\"expo-formulario-icono\">\n\t\t\t<p><i class=\"fa-solid fa-phone\"><\/i>\n\t\t\t<\/p>\n\t\t<\/div>\n\t\t<p><span class=\"wpcf7-form-control-wrap\" data-name=\"celular\"><input size=\"40\" maxlength=\"400\" class=\"wpcf7-form-control wpcf7-tel wpcf7-validates-as-required wpcf7-text wpcf7-validates-as-tel\" autocomplete=\"tel\" aria-required=\"true\" aria-invalid=\"false\" placeholder=\"Celular\" value=\"\" type=\"tel\" name=\"celular\" \/><\/span>\n\t\t<\/p>\n\t<\/div>\n<\/div>\n<div class=\"expo-formulario-fila\">\n\t<div class=\"expo-formulario-columna-1-1\">\n\t\t<div class=\"expo-formulario-icono\">\n\t\t\t<p><i class=\"fa-solid fa-envelope\"><\/i>\n\t\t\t<\/p>\n\t\t<\/div>\n\t\t<p><span class=\"wpcf7-form-control-wrap\" data-name=\"email\"><input size=\"40\" maxlength=\"400\" class=\"wpcf7-form-control wpcf7-email wpcf7-validates-as-required wpcf7-text wpcf7-validates-as-email\" autocomplete=\"email\" aria-required=\"true\" aria-invalid=\"false\" placeholder=\"Correo Electr\u00f3nico\" value=\"\" type=\"email\" name=\"email\" \/><\/span>\n\t\t<\/p>\n\t<\/div>\n<\/div>\n<div class=\"expo-formulario-fila\">\n\t<div class=\"expo-formulario-columna-1-1\">\n\t\t<div class=\"expo-formulario-icono\">\n\t\t\t<p><i class=\"fa-solid fa-building\"><\/i>\n\t\t\t<\/p>\n\t\t<\/div>\n\t\t<p><span class=\"wpcf7-form-control-wrap\" data-name=\"empresa_institucion\"><input size=\"40\" maxlength=\"400\" class=\"wpcf7-form-control wpcf7-text wpcf7-validates-as-required\" aria-required=\"true\" aria-invalid=\"false\" placeholder=\"Empresa o Instituci\u00f3n\" value=\"\" type=\"text\" name=\"empresa_institucion\" \/><\/span>\n\t\t<\/p>\n\t<\/div>\n<\/div>\n<div class=\"expo-formulario-fila\">\n\t<div class=\"expo-formulario-columna-1-2\">\n\t\t<div class=\"expo-formulario-icono\">\n\t\t\t<p><i class=\"fa-solid fa-file\"><\/i>\n\t\t\t<\/p>\n\t\t<\/div>\n\t\t<p><span class=\"wpcf7-form-control-wrap\" data-name=\"ruc\"><input size=\"40\" maxlength=\"400\" class=\"wpcf7-form-control wpcf7-text wpcf7-validates-as-required\" aria-required=\"true\" aria-invalid=\"false\" placeholder=\"RUC de la empresa\" value=\"\" type=\"text\" name=\"ruc\" \/><\/span>\n\t\t<\/p>\n\t<\/div>\n\t<div class=\"expo-formulario-columna-2-2\">\n\t\t<div class=\"expo-formulario-icono\">\n\t\t\t<p><i class=\"fa-solid fa-mobile-retro\"><\/i>\n\t\t\t<\/p>\n\t\t<\/div>\n\t\t<p><span class=\"wpcf7-form-control-wrap\" data-name=\"telefono_contacto\"><input size=\"40\" maxlength=\"400\" class=\"wpcf7-form-control wpcf7-tel wpcf7-validates-as-required wpcf7-text wpcf7-validates-as-tel\" aria-required=\"true\" aria-invalid=\"false\" placeholder=\"Tel\u00e9fono de Contacto\" value=\"\" type=\"tel\" name=\"telefono_contacto\" \/><\/span>\n\t\t<\/p>\n\t<\/div>\n<\/div>\n<div class=\"expo-formulario-fila\">\n\t<div class=\"expo-formulario-columna-1-2\">\n\t\t<div class=\"expo-formulario-icono\">\n\t\t\t<p><i class=\"fa-solid fa-store\"><\/i>\n\t\t\t<\/p>\n\t\t<\/div>\n\t\t<p><span class=\"wpcf7-form-control-wrap\" data-name=\"tipo_stand\"><select class=\"wpcf7-form-control wpcf7-select wpcf7-validates-as-required\" aria-required=\"true\" aria-invalid=\"false\" name=\"tipo_stand\"><option value=\"\">Tipo de Stand<\/option><option value=\"6 metros cuadrados\">6 metros cuadrados<\/option><option value=\"12 metros cuadrados\">12 metros cuadrados<\/option><option value=\"20 metros cuadrados\">20 metros cuadrados<\/option><option value=\"30 metros cuadrados\">30 metros cuadrados<\/option><option value=\"40 metros cuadrados\">40 metros cuadrados<\/option><\/select><\/span>\n\t\t<\/p>\n\t<\/div>\n\t<div class=\"expo-formulario-columna-2-2\">\n\t\t<div class=\"expo-formulario-icono\">\n\t\t\t<p><i class=\"fa-solid fa-wallet\"><\/i>\n\t\t\t<\/p>\n\t\t<\/div>\n\t\t<p><span class=\"wpcf7-form-control-wrap\" data-name=\"tipo_pago\"><select class=\"wpcf7-form-control wpcf7-select wpcf7-validates-as-required\" aria-required=\"true\" aria-invalid=\"false\" name=\"tipo_pago\"><option value=\"\">Tipo de pago<\/option><option value=\"Pago Integral - Early Access\">Pago Integral - Early Access<\/option><option value=\"30% Inicial\">30% Inicial<\/option><\/select><\/span>\n\t\t<\/p>\n\t<\/div>\n<\/div>\n<input class=\"wpcf7-form-control wpcf7-hidden\" value=\"Formulario de expositor\" type=\"hidden\" name=\"tipo_formulario\" \/>\n<div class=\"expo-formulario-fila\">\n\t<div class=\"expo-formulario-columna-1\">\n\t\t<p><input class=\"wpcf7-form-control wpcf7-submit has-spinner\" type=\"submit\" value=\"Enviar\" \/>\n\t\t<\/p>\n\t<\/div>\n<\/div>    <script type=\"text\/javascript\">\r\n        jQuery(document).ready(function($) {\r\n\r\n            function getCookie(name) {\r\n                var cookieArr = document.cookie.split(\";\");\r\n                for(var i = 0; i < cookieArr.length; i++) {\r\n                    var cookiePair = cookieArr[i].split(\"=\");\r\n                    if(name == cookiePair[0].trim()) {\r\n                        return decodeURIComponent(cookiePair[1]);\r\n                    }\r\n                }\r\n                return null;\r\n            }\r\n\r\n            var utmData = getCookie('utm_tracking_data');\r\n            if (utmData) {\r\n                utmData = JSON.parse(utmData);\r\n                let utmSource = utmData.utm_source;\r\n                let utmMedium = utmData.utm_medium;\r\n                let utmCampaign = utmData.utm_campaign;\r\n                let utmTerm = utmData.utm_term;\r\n                let utmContent = utmData.utm_content;\r\n                let gclid = utmData.gclid;\r\n                let fbclid = utmData.fbclid;\r\n                    \r\n                \/\/ Modificar campos ocultos si existen\r\n                $('input[name=\"utm_source\"]').val(utmSource);\r\n                $('input[name=\"utm_medium\"]').val(utmMedium);\r\n                $('input[name=\"utm_campaign\"]').val(utmCampaign);\r\n                $('input[name=\"utm_term\"]').val(utmTerm);\r\n                $('input[name=\"utm_content\"]').val(utmContent);\r\n                $('input[name=\"gclid\"]').val(gclid);\r\n                $('input[name=\"fbclid\"]').val(fbclid);\r\n            } else {\r\n                console.log('No se detectaron los utm al cargar el sitio');\r\n            }\r\n        });\r\n    <\/script>\r\n    <div class=\"wpcf7-response-output\" aria-hidden=\"true\"><\/div>\n<input type=\"hidden\" name=\"trp-form-language\" value=\"en\"\/><\/form>\n<\/div>\n<\/div>\n<\/div><button class=\"uagb-modal-popup-close\" aria-label=\"Close Modal\"><svg xmlns=\"https:\/\/www.w3.org\/2000\/svg\" viewbox=\"0 0 320 512\"><path d=\"M310.6 361.4c12.5 12.5 12.5 32.75 0 45.25C304.4 412.9 296.2 416 288 416s-16.38-3.125-22.62-9.375L160 301.3L54.63 406.6C48.38 412.9 40.19 416 32 416S15.63 412.9 9.375 406.6c-12.5-12.5-12.5-32.75 0-45.25l105.4-105.4L9.375 150.6c-12.5-12.5-12.5-32.75 0-45.25s32.75-12.5 45.25 0L160 210.8l105.4-105.4c12.5-12.5 32.75-12.5 45.25 0s12.5 32.75 0 45.25l-105.4 105.4L310.6 361.4z\"><\/path><\/svg><\/button><\/div><\/div><\/div>\n<\/div>\n<\/div>\n<\/div><\/section>","protected":false},"excerpt":{"rendered":"<p>Expositores Tabla de Precios Mapa de Stands Nuestros Expositores S\u00e9 Expositor Exp\u00f3n tu innovaci\u00f3n ante miles de visitantes calificados<\/p>","protected":false},"author":1,"featured_media":0,"parent":0,"menu_order":2,"comment_status":"closed","ping_status":"closed","template":"","meta":{"_uag_custom_page_level_css":".wp-block-uagb-restaurant-menu.uagb-block-46c34ed1 .uagb-rest_menu__wrap img{\n\twidth: 100%!important;\n\tmax-width: 250px!important;\n}","site-sidebar-layout":"no-sidebar","site-content-layout":"","ast-site-content-layout":"default","site-content-style":"default","site-sidebar-style":"default","ast-global-header-display":"","ast-banner-title-visibility":"","ast-main-header-display":"","ast-hfb-above-header-display":"","ast-hfb-below-header-display":"","ast-hfb-mobile-header-display":"","site-post-title":"disabled","ast-breadcrumbs-content":"","ast-featured-img":"","footer-sml-layout":"","ast-disable-related-posts":"","theme-transparent-header-meta":"enabled","adv-header-id-meta":"","stick-header-meta":"","header-above-stick-meta":"","header-main-stick-meta":"","header-below-stick-meta":"","astra-migrate-meta-layouts":"set","ast-page-background-enabled":"default","ast-page-background-meta":{"desktop":{"background-color":"var(--ast-global-color-4)","background-image":"","background-repeat":"repeat","background-position":"center center","background-size":"auto","background-attachment":"scroll","background-type":"","background-media":"","overlay-type":"","overlay-color":"","overlay-opacity":"","overlay-gradient":""},"tablet":{"background-color":"","background-image":"","background-repeat":"repeat","background-position":"center center","background-size":"auto","background-attachment":"scroll","background-type":"","background-media":"","overlay-type":"","overlay-color":"","overlay-opacity":"","overlay-gradient":""},"mobile":{"background-color":"","background-image":"","background-repeat":"repeat","background-position":"center center","background-size":"auto","background-attachment":"scroll","background-type":"","background-media":"","overlay-type":"","overlay-color":"","overlay-opacity":"","overlay-gradient":""}},"ast-content-background-meta":{"desktop":{"background-color":"var(--ast-global-color-5)","background-image":"","background-repeat":"repeat","background-position":"center center","background-size":"auto","background-attachment":"scroll","background-type":"","background-media":"","overlay-type":"","overlay-color":"","overlay-opacity":"","overlay-gradient":""},"tablet":{"background-color":"var(--ast-global-color-5)","background-image":"","background-repeat":"repeat","background-position":"center center","background-size":"auto","background-attachment":"scroll","background-type":"","background-media":"","overlay-type":"","overlay-color":"","overlay-opacity":"","overlay-gradient":""},"mobile":{"background-color":"var(--ast-global-color-5)","background-image":"","background-repeat":"repeat","background-position":"center center","background-size":"auto","background-attachment":"scroll","background-type":"","background-media":"","overlay-type":"","overlay-color":"","overlay-opacity":"","overlay-gradient":""}},"footnotes":""},"class_list":["post-23","page","type-page","status-publish","hentry"],"uagb_featured_image_src":{"full":false,"thumbnail":false,"medium":false,"medium_large":false,"large":false,"1536x1536":false,"2048x2048":false,"trp-custom-language-flag":false},"uagb_author_info":{"display_name":"toshiro@agiasoluciones.com","author_link":"https:\/\/expoinnovatech.com\/en\/author\/toshiroagiasoluciones-com\/"},"uagb_comment_info":0,"uagb_excerpt":"Expositores Tabla de Precios Mapa de Stands Nuestros Expositores S\u00e9 Expositor Exp\u00f3n tu innovaci\u00f3n ante miles de visitantes calificados","_links":{"self":[{"href":"https:\/\/expoinnovatech.com\/en\/wp-json\/wp\/v2\/pages\/23","targetHints":{"allow":["GET"]}}],"collection":[{"href":"https:\/\/expoinnovatech.com\/en\/wp-json\/wp\/v2\/pages"}],"about":[{"href":"https:\/\/expoinnovatech.com\/en\/wp-json\/wp\/v2\/types\/page"}],"author":[{"embeddable":true,"href":"https:\/\/expoinnovatech.com\/en\/wp-json\/wp\/v2\/users\/1"}],"replies":[{"embeddable":true,"href":"https:\/\/expoinnovatech.com\/en\/wp-json\/wp\/v2\/comments?post=23"}],"version-history":[{"count":31,"href":"https:\/\/expoinnovatech.com\/en\/wp-json\/wp\/v2\/pages\/23\/revisions"}],"predecessor-version":[{"id":2459,"href":"https:\/\/expoinnovatech.com\/en\/wp-json\/wp\/v2\/pages\/23\/revisions\/2459"}],"wp:attachment":[{"href":"https:\/\/expoinnovatech.com\/en\/wp-json\/wp\/v2\/media?parent=23"}],"curies":[{"name":"wp","href":"https:\/\/api.w.org\/{rel}","templated":true}]}}