{"id":3,"date":"2025-07-29T02:38:34","date_gmt":"2025-07-29T00:38:34","guid":{"rendered":"https:\/\/expoinnovatech.com\/?page_id=3"},"modified":"2025-07-31T12:12:21","modified_gmt":"2025-07-31T17:12:21","slug":"terminos-condiciones","status":"publish","type":"page","link":"https:\/\/expoinnovatech.com\/en\/terminos-condiciones\/","title":{"rendered":"Terms and Conditions"},"content":{"rendered":"<div class=\"wp-block-uagb-container uagb-block-826d74a5 alignfull uagb-is-root-container\"><div class=\"uagb-container-inner-blocks-wrap\">\n<div class=\"wp-block-uagb-advanced-heading uagb-block-bc1153d4\"><h1 class=\"uagb-heading-text\">Terms and Conditions<\/h1><\/div>\n\n\n\n<p style=\"font-style:normal;font-weight:300\">Los presentes T\u00e9rminos y Condiciones, en adelante denominados \u201cTyC\u201d, regulan el acceso y uso del sitio web oficial <strong>https:\/\/expoinnovatech.com<\/strong>, propiedad de <strong>AG.IA Soluciones Integrales S.A.C.<\/strong>, en adelante \u201cEXPOINNOVATECH 2026\u201d, con domicilio en La fortaleza, Pasaje los Cerezos 322, San Juan de Miraflores, -Lima, Per\u00fa.<\/p>\n\n\n\n<p style=\"font-style:normal;font-weight:300\">Al ingresar y navegar por este sitio web, el Usuario acepta expresamente los T\u00e9rminos y Condiciones aqu\u00ed descritos, comprometi\u00e9ndose a su cumplimiento total.<\/p>\n\n\n\n<div class=\"wp-block-uagb-separator uagb-block-c4db485e\"><div class=\"wp-block-uagb-separator__inner\" style=\"--my-background-image:\"><\/div><\/div>\n\n\n\n<p style=\"font-style:normal;font-weight:300\"><strong>1. ACEPTACI\u00d3N Y RESPONSABILIDAD DEL USUARIO<\/strong><\/p>\n\n\n\n<p style=\"padding-right:0;padding-left:22px;font-style:normal;font-weight:300\">El Usuario, al acceder a este sitio web, se obliga a respetar \u00edntegramente los presentes T\u00e9rminos y Condiciones, as\u00ed como cualquier disposici\u00f3n legal aplicable en el ordenamiento peruano.<\/p>\n\n\n\n<p style=\"padding-right:0;padding-left:22px;font-style:normal;font-weight:300\">El Usuario ser\u00e1 el \u00fanico responsable de cualquier consecuencia derivada de un uso indebido, ilegal o contrario a las normas aqu\u00ed establecidas. Asimismo, se abstendr\u00e1 de almacenar, compartir o difundir cualquier contenido, archivo o dato que afecte el funcionamiento t\u00e9cnico del sitio, vulnere derechos de terceros o contravenga la normativa nacional vigente.<\/p>\n\n\n\n<div class=\"wp-block-uagb-separator uagb-block-b17f254f\"><div class=\"wp-block-uagb-separator__inner\" style=\"--my-background-image:\"><\/div><\/div>\n\n\n\n<p style=\"font-style:normal;font-weight:300\"><strong>2. MODIFICACIONES<\/strong><\/p>\n\n\n\n<p style=\"padding-left:22px;font-style:normal;font-weight:300\"><strong>EXPOINNOVATECH 2026<\/strong> se reserva el derecho de actualizar o modificar en cualquier momento y sin previo aviso los presentes T\u00e9rminos y Condiciones, por lo que se recomienda al Usuario revisarlos de forma peri\u00f3dica.<\/p>\n\n\n\n<p style=\"padding-left:22px;font-style:normal;font-weight:300\">Del mismo modo, la informaci\u00f3n publicada en el sitio web puede estar sujeta a variaciones o actualizaciones sin notificaci\u00f3n previa. En caso se requiera mayor detalle sobre servicios, eventos, programas o proyectos, estos podr\u00e1n ser ampliados a trav\u00e9s de nuestros canales oficiales de contacto o mediante reuniones informativas personalizadas.<\/p>\n\n\n\n<p style=\"padding-left:22px;font-style:normal;font-weight:300\">Cabe precisar que las im\u00e1genes, textos o materiales difundidos tienen un car\u00e1cter estrictamente ilustrativo y referencial, y buscan ofrecer una visi\u00f3n general de las actividades del evento sin implicar un compromiso contractual en cuanto a sus caracter\u00edsticas espec\u00edficas.<\/p>\n\n\n\n<div class=\"wp-block-uagb-separator uagb-block-a2a1faa7\"><div class=\"wp-block-uagb-separator__inner\" style=\"--my-background-image:\"><\/div><\/div>\n\n\n\n<p style=\"font-style:normal;font-weight:300\"><strong>3. RESPONSABILIDAD DEL SITIO WEB<\/strong><\/p>\n\n\n\n<p style=\"padding-left:22px;font-style:normal;font-weight:300\">El Usuario reconoce y acepta que <strong>EXPOINNOVATECH 2026<\/strong> no garantiza la disponibilidad continua del sitio web, ni la absoluta exactitud o vigencia de los contenidos publicados.<\/p>\n\n\n\n<p style=\"padding-left:22px;font-style:normal;font-weight:300\">En ese sentido, <strong>AG.IA Soluciones Integrales S.A.C.<\/strong> no asume responsabilidad alguna frente a posibles da\u00f1os, p\u00e9rdidas o perjuicios que pudieran derivarse directa o indirectamente del uso, interpretaci\u00f3n o aplicaci\u00f3n de la informaci\u00f3n contenida en este portal digital.<\/p>\n\n\n\n<div class=\"wp-block-uagb-separator uagb-block-b67aea27\"><div class=\"wp-block-uagb-separator__inner\" style=\"--my-background-image:\"><\/div><\/div>\n\n\n\n<p style=\"font-style:normal;font-weight:300\"><strong>4. COMUNICACI\u00d3N DE DATOS PERSONALES<\/strong><\/p>\n\n\n\n<p style=\"padding-left:22px;font-style:normal;font-weight:300\">Los datos personales proporcionados por los Usuarios a trav\u00e9s del sitio web no ser\u00e1n compartidos con terceros sin previa autorizaci\u00f3n expresa, salvo cuando sea requerido por mandato legal o por solicitud de entidades administrativas, judiciales o policiales conforme a ley.<\/p>\n\n\n\n<p style=\"padding-left:22px;font-style:normal;font-weight:300\">El tratamiento de datos personales se regir\u00e1 estrictamente por la&nbsp; y dem\u00e1s normas complementarias vigentes en el Per\u00fa al a\u00f1o 2025.<\/p>\n\n\n\n<div class=\"wp-block-uagb-separator uagb-block-0ccd90f9\"><div class=\"wp-block-uagb-separator__inner\" style=\"--my-background-image:\"><\/div><\/div>\n\n\n\n<p style=\"font-style:normal;font-weight:300\"><strong>5. PROPIEDAD INTELECTUAL<\/strong><\/p>\n\n\n\n<p style=\"padding-left:22px;font-style:normal;font-weight:300\">Todo el contenido publicado en el sitio web de <strong>EXPOINNOVATECH 2026<\/strong>, incluyendo logotipos, textos, fotograf\u00edas, im\u00e1genes, dise\u00f1os, nombres comerciales, marcas registradas y otros elementos protegidos por las normas de propiedad intelectual e industrial, son titularidad de <strong>AG.IA Soluciones Integrales S.A.C.<\/strong> o de sus respectivos propietarios leg\u00edtimos. Queda terminantemente prohibida la reproducci\u00f3n, distribuci\u00f3n, transformaci\u00f3n, comercializaci\u00f3n o cualquier uso no autorizado de dichos contenidos, sin el consentimiento previo y por escrito del titular correspondiente.<\/p>\n\n\n\n<div class=\"wp-block-uagb-separator uagb-block-8911787b\"><div class=\"wp-block-uagb-separator__inner\" style=\"--my-background-image:\"><\/div><\/div>\n<\/div><\/div>","protected":false},"excerpt":{"rendered":"<p>T\u00e9rminos y Condiciones Los presentes T\u00e9rminos y Condiciones, en adelante denominados \u201cTyC\u201d, regulan el acceso y uso del sitio web oficial https:\/\/expoinnovatech.com, propiedad de AG.IA Soluciones Integrales S.A.C., en adelante \u201cEXPOINNOVATECH 2026\u201d, con domicilio en La fortaleza, Pasaje los Cerezos 322, San Juan de Miraflores, -Lima, Per\u00fa. Al ingresar y navegar por este sitio web, [&hellip;]<\/p>","protected":false},"author":1,"featured_media":0,"parent":0,"menu_order":99,"comment_status":"closed","ping_status":"closed","template":"","meta":{"_uag_custom_page_level_css":"","site-sidebar-layout":"default","site-content-layout":"","ast-site-content-layout":"default","site-content-style":"default","site-sidebar-style":"default","ast-global-header-display":"","ast-banner-title-visibility":"","ast-main-header-display":"","ast-hfb-above-header-display":"","ast-hfb-below-header-display":"","ast-hfb-mobile-header-display":"","site-post-title":"disabled","ast-breadcrumbs-content":"","ast-featured-img":"","footer-sml-layout":"","ast-disable-related-posts":"","theme-transparent-header-meta":"","adv-header-id-meta":"","stick-header-meta":"","header-above-stick-meta":"","header-main-stick-meta":"","header-below-stick-meta":"","astra-migrate-meta-layouts":"set","ast-page-background-enabled":"default","ast-page-background-meta":{"desktop":{"background-color":"var(--ast-global-color-4)","background-image":"","background-repeat":"repeat","background-position":"center center","background-size":"auto","background-attachment":"scroll","background-type":"","background-media":"","overlay-type":"","overlay-color":"","overlay-opacity":"","overlay-gradient":""},"tablet":{"background-color":"","background-image":"","background-repeat":"repeat","background-position":"center center","background-size":"auto","background-attachment":"scroll","background-type":"","background-media":"","overlay-type":"","overlay-color":"","overlay-opacity":"","overlay-gradient":""},"mobile":{"background-color":"","background-image":"","background-repeat":"repeat","background-position":"center center","background-size":"auto","background-attachment":"scroll","background-type":"","background-media":"","overlay-type":"","overlay-color":"","overlay-opacity":"","overlay-gradient":""}},"ast-content-background-meta":{"desktop":{"background-color":"var(--ast-global-color-5)","background-image":"","background-repeat":"repeat","background-position":"center center","background-size":"auto","background-attachment":"scroll","background-type":"","background-media":"","overlay-type":"","overlay-color":"","overlay-opacity":"","overlay-gradient":""},"tablet":{"background-color":"var(--ast-global-color-5)","background-image":"","background-repeat":"repeat","background-position":"center center","background-size":"auto","background-attachment":"scroll","background-type":"","background-media":"","overlay-type":"","overlay-color":"","overlay-opacity":"","overlay-gradient":""},"mobile":{"background-color":"var(--ast-global-color-5)","background-image":"","background-repeat":"repeat","background-position":"center center","background-size":"auto","background-attachment":"scroll","background-type":"","background-media":"","overlay-type":"","overlay-color":"","overlay-opacity":"","overlay-gradient":""}},"footnotes":""},"class_list":["post-3","page","type-page","status-publish","hentry"],"uagb_featured_image_src":{"full":false,"thumbnail":false,"medium":false,"medium_large":false,"large":false,"1536x1536":false,"2048x2048":false,"trp-custom-language-flag":false},"uagb_author_info":{"display_name":"toshiro@agiasoluciones.com","author_link":"https:\/\/expoinnovatech.com\/en\/author\/toshiroagiasoluciones-com\/"},"uagb_comment_info":0,"uagb_excerpt":"T\u00e9rminos y Condiciones Los presentes T\u00e9rminos y Condiciones, en adelante denominados \u201cTyC\u201d, regulan el acceso y uso del sitio web oficial https:\/\/expoinnovatech.com, propiedad de AG.IA Soluciones Integrales S.A.C., en adelante \u201cEXPOINNOVATECH 2026\u201d, con domicilio en La fortaleza, Pasaje los Cerezos 322, San Juan de Miraflores, -Lima, Per\u00fa. Al ingresar y navegar por este sitio web,&hellip;","_links":{"self":[{"href":"https:\/\/expoinnovatech.com\/en\/wp-json\/wp\/v2\/pages\/3","targetHints":{"allow":["GET"]}}],"collection":[{"href":"https:\/\/expoinnovatech.com\/en\/wp-json\/wp\/v2\/pages"}],"about":[{"href":"https:\/\/expoinnovatech.com\/en\/wp-json\/wp\/v2\/types\/page"}],"author":[{"embeddable":true,"href":"https:\/\/expoinnovatech.com\/en\/wp-json\/wp\/v2\/users\/1"}],"replies":[{"embeddable":true,"href":"https:\/\/expoinnovatech.com\/en\/wp-json\/wp\/v2\/comments?post=3"}],"version-history":[{"count":5,"href":"https:\/\/expoinnovatech.com\/en\/wp-json\/wp\/v2\/pages\/3\/revisions"}],"predecessor-version":[{"id":2118,"href":"https:\/\/expoinnovatech.com\/en\/wp-json\/wp\/v2\/pages\/3\/revisions\/2118"}],"wp:attachment":[{"href":"https:\/\/expoinnovatech.com\/en\/wp-json\/wp\/v2\/media?parent=3"}],"curies":[{"name":"wp","href":"https:\/\/api.w.org\/{rel}","templated":true}]}}